{"id":6,"date":"2015-10-13T20:03:14","date_gmt":"2015-10-13T18:03:14","guid":{"rendered":"http:\/\/podemalgiros.com\/?page_id=6"},"modified":"2017-09-07T19:34:55","modified_gmt":"2017-09-07T17:34:55","slug":"asambleasyactas","status":"publish","type":"page","link":"https:\/\/circuloalgiros.info\/va\/asambleasyactas\/","title":{"rendered":"Assemblees"},"content":{"rendered":"<p><img class=\"img-responsive img-rounded\" src=\"http:\/\/circuloalgiros.info\/wp-content\/uploads\/2015\/10\/asamblea_podemos_va.jpg\" alt=\"asamblea_podemos\" \/><\/p>\n<p>&nbsp;<\/p>\n<p>L&#8217;Assemblea, o reuni\u00f3 presencial, \u00e9s el m\u00e0xim \u00f2rgan de decisi\u00f3 del Cercle, sent les seues decisions sobiranes i a la qual se supediten totes les decisions que es puguen prendre en les comissions, podent a m\u00e9s autoritzar la presa de decisions telem\u00e0tiques quan ho crea convenient.<br \/>\nLes assemblees del Cercle Podem Algir\u00f3s \u2013 Podemos Algir\u00f3s seran sempre obertes, \u00e9s a dir, assemblees on podr\u00e0 assistir qualsevol inscrit o no inscrit, ve\u00ed resident o no, mentre complisca amb el que dicta l&#8217;Article 57 del Document Organitzatiu de Podem, i els assistents podran intervenir en l&#8217;idioma que desitgen fer-ho.<\/p>","protected":false},"excerpt":{"rendered":"<p>&nbsp; L&#8217;Assemblea, o reuni\u00f3 presencial, \u00e9s el m\u00e0xim \u00f2rgan de decisi\u00f3 del Cercle, sent les seues decisions sobiranes i a la qual se supediten totes les decisions que es puguen prendre en les comissions, podent a m\u00e9s autoritzar la presa de decisions telem\u00e0tiques quan ho crea convenient. Les assemblees del Cercle Podem Algir\u00f3s \u2013 Podemos &#8230; <br \/><a class=\"read-more\" href=\"https:\/\/circuloalgiros.info\/va\/asambleasyactas\/\" class=\"btn\" >Leer m\u00e1s<\/a><\/p>\n","protected":false},"author":1,"featured_media":0,"parent":0,"menu_order":0,"comment_status":"closed","ping_status":"closed","template":"page-asambleas.php","meta":[],"_links":{"self":[{"href":"https:\/\/circuloalgiros.info\/va\/wp-json\/wp\/v2\/pages\/6"}],"collection":[{"href":"https:\/\/circuloalgiros.info\/va\/wp-json\/wp\/v2\/pages"}],"about":[{"href":"https:\/\/circuloalgiros.info\/va\/wp-json\/wp\/v2\/types\/page"}],"author":[{"embeddable":true,"href":"https:\/\/circuloalgiros.info\/va\/wp-json\/wp\/v2\/users\/1"}],"replies":[{"embeddable":true,"href":"https:\/\/circuloalgiros.info\/va\/wp-json\/wp\/v2\/comments?post=6"}],"version-history":[{"count":18,"href":"https:\/\/circuloalgiros.info\/va\/wp-json\/wp\/v2\/pages\/6\/revisions"}],"predecessor-version":[{"id":935,"href":"https:\/\/circuloalgiros.info\/va\/wp-json\/wp\/v2\/pages\/6\/revisions\/935"}],"wp:attachment":[{"href":"https:\/\/circuloalgiros.info\/va\/wp-json\/wp\/v2\/media?parent=6"}],"curies":[{"name":"wp","href":"https:\/\/api.w.org\/{rel}","templated":true}]}}