{"id":288,"date":"2015-10-23T14:33:24","date_gmt":"2015-10-23T12:33:24","guid":{"rendered":"http:\/\/circulus.zapto.org\/?page_id=288"},"modified":"2017-09-06T11:21:33","modified_gmt":"2017-09-06T09:21:33","slug":"principios","status":"publish","type":"page","link":"https:\/\/circuloalgiros.info\/va\/principios\/","title":{"rendered":"Principios"},"content":{"rendered":"<div data-canvas-width=\"318.7749938333333\"><\/div>\n<div data-canvas-width=\"318.7749938333333\">La pertenencia a PODEMOS implica un compromiso \u00e9tico con los valores centrales de la iniciativa que deber\u00e1 ser suscrito por todas las personas que quieran participar en ella.<\/div>\n<div data-canvas-width=\"318.7749938333333\"><\/div>\n<div data-canvas-width=\"748.5192901666667\">PODEMOS nace como herramienta para la participaci\u00f3n ciudadana y la unidad popular. Aspiramos a recuperar la pol\u00edtica para ponerla al serviciode las personas. PODEMOS es un m\u00e9todo: la democracia. Promovemos la participaci\u00f3n democr\u00e1tica directa de todas las personas en los \u00e1mbitos de la decisi\u00f3n pol\u00edtica, as\u00ed como en la ejecuci\u00f3n de las pol\u00edticas p\u00fablicas.<\/div>\n","protected":false},"excerpt":{"rendered":"<p>La pertenencia a PODEMOS implica un compromiso \u00e9tico con los valores centrales de la iniciativa que deber\u00e1 ser suscrito por todas las personas que quieran participar en ella. PODEMOS nace como herramienta para la participaci\u00f3n ciudadana y la unidad popular. Aspiramos a recuperar la pol\u00edtica para ponerla al serviciode las personas. PODEMOS es un m\u00e9todo: &#8230; <br \/><a class=\"read-more\" href=\"https:\/\/circuloalgiros.info\/va\/principios\/\" class=\"btn\" >Leer m\u00e1s<\/a><\/p>\n","protected":false},"author":1,"featured_media":0,"parent":0,"menu_order":0,"comment_status":"closed","ping_status":"closed","template":"","meta":[],"_links":{"self":[{"href":"https:\/\/circuloalgiros.info\/va\/wp-json\/wp\/v2\/pages\/288"}],"collection":[{"href":"https:\/\/circuloalgiros.info\/va\/wp-json\/wp\/v2\/pages"}],"about":[{"href":"https:\/\/circuloalgiros.info\/va\/wp-json\/wp\/v2\/types\/page"}],"author":[{"embeddable":true,"href":"https:\/\/circuloalgiros.info\/va\/wp-json\/wp\/v2\/users\/1"}],"replies":[{"embeddable":true,"href":"https:\/\/circuloalgiros.info\/va\/wp-json\/wp\/v2\/comments?post=288"}],"version-history":[{"count":7,"href":"https:\/\/circuloalgiros.info\/va\/wp-json\/wp\/v2\/pages\/288\/revisions"}],"predecessor-version":[{"id":299,"href":"https:\/\/circuloalgiros.info\/va\/wp-json\/wp\/v2\/pages\/288\/revisions\/299"}],"wp:attachment":[{"href":"https:\/\/circuloalgiros.info\/va\/wp-json\/wp\/v2\/media?parent=288"}],"curies":[{"name":"wp","href":"https:\/\/api.w.org\/{rel}","templated":true}]}}