{"id":280,"date":"2015-10-23T12:22:36","date_gmt":"2015-10-23T10:22:36","guid":{"rendered":"http:\/\/circulus.zapto.org\/?page_id=280"},"modified":"2016-05-06T13:46:09","modified_gmt":"2016-05-06T11:46:09","slug":"el-barrio","status":"publish","type":"page","link":"https:\/\/circuloalgiros.info\/va\/el-barrio\/","title":{"rendered":"El C\u00edrculo"},"content":{"rendered":"<p>El Cercle Podem Algir\u00f3s-Podemos Algir\u00f3s \u00e9s un cercle territorial corresponent al districte de <strong>Algir\u00f3s de Val\u00e8ncia:<\/strong><\/p>\n<hr \/>\n<p>&nbsp;<\/p>\n<h1><span style=\"color: #993366;\"><strong>-EL NOSTRE BARRI-<\/strong><\/span><\/h1>\n<hr \/>\n<p>&nbsp;<br \/>\n<iframe loading=\"lazy\" style=\"border: 0;\" src=\"https:\/\/ca.wikipedia.org\/w\/index.php?title=Algir%C3%B3s&amp;printable=yes\" width=\"800\" height=\"450\" frameborder=\"0\" allowfullscreen=\"allowfullscreen\"><\/iframe><br \/>\n<\/p>","protected":false},"excerpt":{"rendered":"<p>El Cercle Podem Algir\u00f3s-Podemos Algir\u00f3s \u00e9s un cercle territorial corresponent al districte de Algir\u00f3s de Val\u00e8ncia: &nbsp; -EL NOSTRE BARRI- &nbsp;<\/p>\n","protected":false},"author":1,"featured_media":0,"parent":0,"menu_order":0,"comment_status":"closed","ping_status":"closed","template":"page.php","meta":[],"_links":{"self":[{"href":"https:\/\/circuloalgiros.info\/va\/wp-json\/wp\/v2\/pages\/280"}],"collection":[{"href":"https:\/\/circuloalgiros.info\/va\/wp-json\/wp\/v2\/pages"}],"about":[{"href":"https:\/\/circuloalgiros.info\/va\/wp-json\/wp\/v2\/types\/page"}],"author":[{"embeddable":true,"href":"https:\/\/circuloalgiros.info\/va\/wp-json\/wp\/v2\/users\/1"}],"replies":[{"embeddable":true,"href":"https:\/\/circuloalgiros.info\/va\/wp-json\/wp\/v2\/comments?post=280"}],"version-history":[{"count":45,"href":"https:\/\/circuloalgiros.info\/va\/wp-json\/wp\/v2\/pages\/280\/revisions"}],"predecessor-version":[{"id":710,"href":"https:\/\/circuloalgiros.info\/va\/wp-json\/wp\/v2\/pages\/280\/revisions\/710"}],"wp:attachment":[{"href":"https:\/\/circuloalgiros.info\/va\/wp-json\/wp\/v2\/media?parent=280"}],"curies":[{"name":"wp","href":"https:\/\/api.w.org\/{rel}","templated":true}]}}