{"id":2287,"date":"2024-02-18T11:13:24","date_gmt":"2024-02-18T09:13:24","guid":{"rendered":"https:\/\/circuloalgiros.info\/?page_id=2287"},"modified":"2024-02-25T10:51:26","modified_gmt":"2024-02-25T08:51:26","slug":"organizacion-podem-pais-valencia","status":"publish","type":"page","link":"https:\/\/circuloalgiros.info\/va\/organizacion-podem-pais-valencia\/","title":{"rendered":"Organitzaci\u00f3 Podem Pa\u00eds Valenci\u00e0"},"content":{"rendered":"<p><\/p>\n<div class=\"row\">\n<div class=\"col-md-6\">\n<h3>Ornigrama<\/h3>\n<p><a href=\"https:\/\/circuloalgiros.info\/wp-content\/uploads\/2024\/02\/GGefinPWYAAhS_G.jpg\"><img loading=\"lazy\" width=\"1280\" height=\"904\" class=\"img-responsive alignnone wp-image-2289 size-full\" src=\"https:\/\/circuloalgiros.info\/wp-content\/uploads\/2024\/02\/GGefinPWYAAhS_G.jpg\" alt=\"\" srcset=\"https:\/\/circuloalgiros.info\/wp-content\/uploads\/2024\/02\/GGefinPWYAAhS_G.jpg 1280w, https:\/\/circuloalgiros.info\/wp-content\/uploads\/2024\/02\/GGefinPWYAAhS_G-300x212.jpg 300w, https:\/\/circuloalgiros.info\/wp-content\/uploads\/2024\/02\/GGefinPWYAAhS_G-1024x723.jpg 1024w, https:\/\/circuloalgiros.info\/wp-content\/uploads\/2024\/02\/GGefinPWYAAhS_G-768x542.jpg 768w\" sizes=\"(max-width: 1280px) 100vw, 1280px\" \/><\/a><\/p>\n<h2>\u00d2rgans a nivell auton\u00f2mic<\/h2>\n<ol>\n<li><strong>Consell Ciutad\u00e0 Auton\u00f2mic<\/strong>: Este \u00f2rgan est\u00e0 compost per una combinaci\u00f3 de membres electes en Assemblea Ciutadana i Enlla\u00e7os de Cercles triats des del territori, variant el total dels seus integrants segons el nombre d&#8217;habitants de cada comunitat aut\u00f2noma:\n<ul>\n<li>Comunitats aut\u00f2nomes de menys d&#8217;un mili\u00f3 d&#8217;habitants: 12 o 18 persones integrants.<\/li>\n<li>Comunitats aut\u00f2nomes d&#8217;un a dos milions d&#8217;habitants: 24 o 30 persones integrants.<\/li>\n<li>Comunitats aut\u00f2nomes de dos a quatre milions d&#8217;habitants: 24, 30, o 36 persones integrants.<\/li>\n<li>Comunitats aut\u00f2nomes de m\u00e9s de quatre milions d&#8217;habitants: 36 o 42 persones integrants\u200b.<\/li>\n<\/ul>\n<\/li>\n<li><strong>Coordinaci\u00f3 Auton\u00f2mica<\/strong>: Este \u00f2rgan est\u00e0 representat per la Coordinadora Auton\u00f2mica o el Coordinador Auton\u00f2mic, triat per l&#8217;Assemblea Ciutadana Auton\u00f2mica mitjan\u00e7ant sufragi lliure i directe<\/li>\n<li><strong>Consell de Coordinaci\u00f3 Auton\u00f2mic<\/strong>: Este \u00f2rgan fa costat a la Coordinaci\u00f3 Auton\u00f2mica i al Consell Ciutad\u00e0 Auton\u00f2mic en tasques de car\u00e0cter pol\u00edtic i de coordinaci\u00f3 interna. Est\u00e0 nomenat a proposta de la Coordinadora Auton\u00f2mica o del Coordinador Auton\u00f2mic i ratificat pel Consell Ciutad\u00e0 Auton\u00f2mic<\/li>\n<li><strong>Comissi\u00f3 de Garanties Democr\u00e0tiques Auton\u00f2mica<\/strong>: Est\u00e0 composta per 5 persones titulars i 5 suplents. S\u00f3n triades directament per l&#8217;Assemblea Ciutadana d&#8217;acord amb el seu reglament\u200b<\/li>\n<\/ol>\n<\/div>\n<div class=\"col-md-1\"><\/div>\n<div class=\"col-md-4\">\n<h3>Assemblea Ciutadana Auton\u00f2mica de la Comunitat Valenciana 2024<\/h3>\n<p><a href=\"https:\/\/circuloalgiros.info\/wp-content\/uploads\/2024\/02\/191083.results.pdf\" class=\"pdfemb-viewer\" style=\"\" data-width=\"max\" data-height=\"max\" data-toolbar=\"bottom\" data-toolbar-fixed=\"on\">191083.results<\/a><\/p>\n<\/div>\n<\/div>\n<p><\/p>","protected":false},"excerpt":{"rendered":"<p>Ornigrama \u00d2rgans a nivell auton\u00f2mic Consell Ciutad\u00e0 Auton\u00f2mic: Este \u00f2rgan est\u00e0 compost per una combinaci\u00f3 de membres electes en Assemblea Ciutadana i Enlla\u00e7os de Cercles triats des del territori, variant el total dels seus integrants segons el nombre d&#8217;habitants de cada comunitat aut\u00f2noma: Comunitats aut\u00f2nomes de menys d&#8217;un mili\u00f3 d&#8217;habitants: 12 o 18 persones integrants. &#8230; <br \/><a class=\"read-more\" href=\"https:\/\/circuloalgiros.info\/va\/organizacion-podem-pais-valencia\/\" class=\"btn\" >Leer m\u00e1s<\/a><\/p>\n","protected":false},"author":5,"featured_media":0,"parent":0,"menu_order":0,"comment_status":"closed","ping_status":"closed","template":"page-full-width.php","meta":[],"_links":{"self":[{"href":"https:\/\/circuloalgiros.info\/va\/wp-json\/wp\/v2\/pages\/2287"}],"collection":[{"href":"https:\/\/circuloalgiros.info\/va\/wp-json\/wp\/v2\/pages"}],"about":[{"href":"https:\/\/circuloalgiros.info\/va\/wp-json\/wp\/v2\/types\/page"}],"author":[{"embeddable":true,"href":"https:\/\/circuloalgiros.info\/va\/wp-json\/wp\/v2\/users\/5"}],"replies":[{"embeddable":true,"href":"https:\/\/circuloalgiros.info\/va\/wp-json\/wp\/v2\/comments?post=2287"}],"version-history":[{"count":25,"href":"https:\/\/circuloalgiros.info\/va\/wp-json\/wp\/v2\/pages\/2287\/revisions"}],"predecessor-version":[{"id":2339,"href":"https:\/\/circuloalgiros.info\/va\/wp-json\/wp\/v2\/pages\/2287\/revisions\/2339"}],"wp:attachment":[{"href":"https:\/\/circuloalgiros.info\/va\/wp-json\/wp\/v2\/media?parent=2287"}],"curies":[{"name":"wp","href":"https:\/\/api.w.org\/{rel}","templated":true}]}}