{"id":2057,"date":"2020-12-22T19:36:58","date_gmt":"2020-12-22T17:36:58","guid":{"rendered":"https:\/\/circuloalgiros.info\/?page_id=2057"},"modified":"2024-02-18T12:12:35","modified_gmt":"2024-02-18T10:12:35","slug":"organizacion-podemos-valencia-ciudad","status":"publish","type":"page","link":"https:\/\/circuloalgiros.info\/va\/organizacion-podemos-valencia-ciudad\/","title":{"rendered":"Organitzaci\u00f3 Podem Val\u00e8ncia ciutat"},"content":{"rendered":"<p><\/p>\n<div class=\"row\">\n<div class=\"col-md-9 col-xs-12\">\n<img class=\"alignnone size-large wp-image-2058 img-responsive\" src=\"https:\/\/circuloalgiros.info\/wp-content\/uploads\/2020\/12\/Esquema-Municipal.png\"  \/><\/p>\n<p>Amb el <a href=\"https:\/\/circuloalgiros.info\/documentos-estatales\/\">document organitzatiu<\/a> del 2020 de Podemos, els \u00f2rgans del partit a la ciutat de Val\u00e8ncia queden de la seg\u00fcent forma:<\/p>\n<ul>\n<li>\n<h4>Cercle (territorial\/districte\/barri)<\/h4>\n<ul>\n<li>Persones militants, simpatitzants, votants&#8230; del partit que es reuneixen en Assemblea per a debatre i participar en la presa decisions de les diferents estrat\u00e8gies i plasmar la l\u00ednia pol\u00edtica a nivell local.<\/li>\n<li>En cada Cercle hi ha 5 persones que s\u00f3n elegides cada any, per votaci\u00f3, per a encarregar-se de:\n<ul>\n<li>Organitzaci\u00f3 i finances<\/li>\n<li>Feminisme<\/li>\n<li>Comunicaci\u00f3<\/li>\n<li>2 enlla\u00e7os de Xarxes de Cercles Intercomarcals i Consell de cercles<\/li>\n<\/ul>\n<\/li>\n<\/ul>\n<\/li>\n<li>\n<h4>Consell de Cercles i Xarxa de Cercles Intercomarcal<\/h4>\n<ul>\n<li>Xarxa de Cercles Intercomarcal\n<ul>\n<li>\u00d2rgan per a escalar problemes i solucions a nivell auton\u00f2mic des dels cercles.<\/li>\n<\/ul>\n<\/li>\n<li>Consell de Cercles\n<ul>\n<li>\u00d2rgan local que t\u00e9 car\u00e0cter deliberatiu i executiu al mateix temps. Les persones integrants dels Cercles que ho componguen poden traslladar la postura del seu \u00e0mbit de reuni\u00f3 i fixar aix\u00ed el debat i l&#8217;acci\u00f3, tot aix\u00f2 sense perjudici que alhora tinguen autonomia decis\u00f2ria.<\/li>\n<\/ul>\n<\/li>\n<li>Tots dos \u00d2rgans estan compostos per:\n<ul>\n<li>2 persones de cada Cercle (territorial) de la ciutat<\/li>\n<li>6 persones triades per la Portaveu Municipal que provenen de l&#8217;\u00f2rgan &#8220;Consell de Coordinaci\u00f3&#8221;<\/li>\n<\/ul>\n<\/li>\n<\/ul>\n<\/li>\n<li>\n<h4>Consell de Coordinaci\u00f3:<\/h4>\n<ul>\n<li>\u00d2rgan col\u00b7legiat encarregat de fer les tasques executives quotidianes de car\u00e0cter pol\u00edtic i de coordinaci\u00f3 interna.<\/li>\n<li>\u00c9s competent per a convocar al Consell de Cercles i haur\u00e0 de reunir-se com a m\u00ednim una vegada al mes.<\/li>\n<\/ul>\n<\/li>\n<li>\n<h4>Consell Ciutad\u00e0 Auton\u00f2mic (Pa\u00eds Valenci\u00e0)<\/h4>\n<ul>\n<li>\u00c9s l&#8217;\u00f2rgan encarregat de debatre, decidir i eix-*cutar la direcci\u00f3 pol\u00edtica de Podemos en el seu territori entre Assemblees Ciutadanes Auton\u00f2miques ordin\u00e0ries, i sempre d&#8217;acord amb l&#8217;aprovat en aquestes i amb la l\u00ednia estrat\u00e8gica general de Podem.<\/li>\n<li>Del total de persones que la integren, el :\n<ul>\n<li>66% de persones s\u00f3n triades per l&#8217;Assemblea Ciutadana<\/li>\n<li>33% de persones provenen de 2 representants per cada Xarxa de Cercles Intercomarcals<\/li>\n<\/ul>\n<\/li>\n<\/ul>\n<\/li>\n<\/ul>\n<\/div>\n<\/div>\n<p><\/p>","protected":false},"excerpt":{"rendered":"<p>Amb el document organitzatiu del 2020 de Podemos, els \u00f2rgans del partit a la ciutat de Val\u00e8ncia queden de la seg\u00fcent forma: Cercle (territorial\/districte\/barri) Persones militants, simpatitzants, votants&#8230; del partit que es reuneixen en Assemblea per a debatre i participar en la presa decisions de les diferents estrat\u00e8gies i plasmar la l\u00ednia pol\u00edtica a nivell &#8230; <br \/><a class=\"read-more\" href=\"https:\/\/circuloalgiros.info\/va\/organizacion-podemos-valencia-ciudad\/\" class=\"btn\" >Leer m\u00e1s<\/a><\/p>\n","protected":false},"author":5,"featured_media":0,"parent":0,"menu_order":0,"comment_status":"closed","ping_status":"closed","template":"page-full-width.php","meta":[],"_links":{"self":[{"href":"https:\/\/circuloalgiros.info\/va\/wp-json\/wp\/v2\/pages\/2057"}],"collection":[{"href":"https:\/\/circuloalgiros.info\/va\/wp-json\/wp\/v2\/pages"}],"about":[{"href":"https:\/\/circuloalgiros.info\/va\/wp-json\/wp\/v2\/types\/page"}],"author":[{"embeddable":true,"href":"https:\/\/circuloalgiros.info\/va\/wp-json\/wp\/v2\/users\/5"}],"replies":[{"embeddable":true,"href":"https:\/\/circuloalgiros.info\/va\/wp-json\/wp\/v2\/comments?post=2057"}],"version-history":[{"count":14,"href":"https:\/\/circuloalgiros.info\/va\/wp-json\/wp\/v2\/pages\/2057\/revisions"}],"predecessor-version":[{"id":2315,"href":"https:\/\/circuloalgiros.info\/va\/wp-json\/wp\/v2\/pages\/2057\/revisions\/2315"}],"wp:attachment":[{"href":"https:\/\/circuloalgiros.info\/va\/wp-json\/wp\/v2\/media?parent=2057"}],"curies":[{"name":"wp","href":"https:\/\/api.w.org\/{rel}","templated":true}]}}