{"id":1930,"date":"2020-09-20T17:51:53","date_gmt":"2020-09-20T15:51:53","guid":{"rendered":"https:\/\/circuloalgiros.info\/?page_id=1930"},"modified":"2024-04-01T10:05:57","modified_gmt":"2024-04-01T08:05:57","slug":"documentos-estatales","status":"publish","type":"page","link":"https:\/\/circuloalgiros.info\/va\/documentos\/documentos-estatales\/","title":{"rendered":"Documents estatals"},"content":{"rendered":"<p>&nbsp;<\/p>\n<div class=\"row\">\n<div class=\"col-md-12\"><a href=\"https:\/\/circuloalgiros.info\/wp-content\/uploads\/2023\/11\/2021_07_Doc_etico.pdf\" class=\"su-button su-button-style-soft\" style=\"color:#FFFFFF;background-color:#FFA833;border-color:#cc8729;border-radius:1px;-moz-border-radius:1px;-webkit-border-radius:1px\" target=\"__blank\"><span style=\"color:#FFFFFF;padding:0px 20px;font-size:16px;line-height:32px;border-color:#ffc371;border-radius:1px;-moz-border-radius:1px;-webkit-border-radius:1px;text-shadow:none;-moz-text-shadow:none;-webkit-text-shadow:none\">  \u00c9tico <\/span><\/a><\/div>\n<div class=\"col-md-12\"><a href=\"https:\/\/circuloalgiros.info\/wp-content\/uploads\/2023\/11\/2021_07_Doc_organizativo.pdf\" class=\"su-button su-button-style-soft\" style=\"color:#FFFFFF;background-color:#3F9607;border-color:#337806;border-radius:1px;-moz-border-radius:1px;-webkit-border-radius:1px\" target=\"__blank\"><span style=\"color:#FFFFFF;padding:0px 20px;font-size:16px;line-height:32px;border-color:#79b652;border-radius:1px;-moz-border-radius:1px;-webkit-border-radius:1px;text-shadow:none;-moz-text-shadow:none;-webkit-text-shadow:none\">  Organizativo<\/span><\/a><\/div>\n<div class=\"col-md-12\"><a href=\"\/documento-politico\/\" class=\"su-button su-button-style-soft\" style=\"color:#FFFFFF;background-color:#B95518;border-color:#944414;border-radius:1px;-moz-border-radius:1px;-webkit-border-radius:1px\" target=\"_self\"><span style=\"color:#FFFFFF;padding:0px 20px;font-size:16px;line-height:32px;border-color:#ce885e;border-radius:1px;-moz-border-radius:1px;-webkit-border-radius:1px;text-shadow:none;-moz-text-shadow:none;-webkit-text-shadow:none\">  Pol\u00edtico<\/span><\/a><\/div>\n<div class=\"col-md-12\"><a href=\"https:\/\/circuloalgiros.info\/wp-content\/uploads\/2023\/11\/2021_07_Doc_de_feminismos.pdf\" class=\"su-button su-button-style-soft\" style=\"color:#FFFFFF;background-color:#E633FF;border-color:#b829cc;border-radius:1px;-moz-border-radius:1px;-webkit-border-radius:1px\" target=\"__blank\"><span style=\"color:#FFFFFF;padding:0px 20px;font-size:16px;line-height:32px;border-color:#ee71ff;border-radius:1px;-moz-border-radius:1px;-webkit-border-radius:1px;text-shadow:none;-moz-text-shadow:none;-webkit-text-shadow:none\">  Feminismos<\/span><\/a><\/div>\n<\/div>\n<h3>Reglamentos<\/h3>\n<div class=\"row\">\n<div class=\"col-md-12\"><a href=\"https:\/\/circuloalgiros.info\/wp-content\/uploads\/2020\/09\/reglamento_general_podemos.\" class=\"su-button su-button-style-soft\" style=\"color:#FFFFFF;background-color:#6BB611;border-color:#56920e;border-radius:1px;-moz-border-radius:1px;-webkit-border-radius:1px\" target=\"__blank\"><span style=\"color:#FFFFFF;padding:0px 20px;font-size:16px;line-height:32px;border-color:#98cc59;border-radius:1px;-moz-border-radius:1px;-webkit-border-radius:1px;text-shadow:none;-moz-text-shadow:none;-webkit-text-shadow:none\">  General de Podemos<\/span><\/a><\/div>\n<div class=\"col-md-12\"><a href=\"https:\/\/circuloalgiros.info\/wp-content\/uploads\/2020\/09\/reglamento_comision_garantias.pdf\" class=\"su-button su-button-style-soft\" style=\"color:#FFFFFF;background-color:#6BB611;border-color:#56920e;border-radius:1px;-moz-border-radius:1px;-webkit-border-radius:1px\" target=\"__blank\"><span style=\"color:#FFFFFF;padding:0px 20px;font-size:16px;line-height:32px;border-color:#98cc59;border-radius:1px;-moz-border-radius:1px;-webkit-border-radius:1px;text-shadow:none;-moz-text-shadow:none;-webkit-text-shadow:none\">  Comisi\u00f3n de Garant\u00edas Democr\u00e1ticas Estatal<\/span><\/a><\/div>\n<div class=\"col-md-12\"><a href=\"https:\/\/circuloalgiros.info\/wp-content\/uploads\/2020\/09\/reglamento_procedimiento_sancionador.pdf\" class=\"su-button su-button-style-soft\" style=\"color:#FFFFFF;background-color:#6BB611;border-color:#56920e;border-radius:1px;-moz-border-radius:1px;-webkit-border-radius:1px\" target=\"__blank\"><span style=\"color:#FFFFFF;padding:0px 20px;font-size:16px;line-height:32px;border-color:#98cc59;border-radius:1px;-moz-border-radius:1px;-webkit-border-radius:1px;text-shadow:none;-moz-text-shadow:none;-webkit-text-shadow:none\">  Procedimiento sancionador y r\u00e9gimen disciplinario<\/span><\/a><\/div>\n<div class=\"col-md-12\"><a href=\"https:\/\/circuloalgiros.info\/wp-content\/uploads\/2020\/09\/reglamento_asambleas_ciudadanas_autonomicas.pdf\" class=\"su-button su-button-style-soft\" style=\"color:#FFFFFF;background-color:#6BB611;border-color:#56920e;border-radius:1px;-moz-border-radius:1px;-webkit-border-radius:1px\" target=\"__blank\"><span style=\"color:#FFFFFF;padding:0px 20px;font-size:16px;line-height:32px;border-color:#98cc59;border-radius:1px;-moz-border-radius:1px;-webkit-border-radius:1px;text-shadow:none;-moz-text-shadow:none;-webkit-text-shadow:none\">  Asambleas Ciudadanas Auton\u00f3micas<\/span><\/a><\/div>\n<div class=\"col-md-12\"><a href=\"https:\/\/circuloalgiros.info\/wp-content\/uploads\/2020\/09\/reglamento_primarias_instituciones.pdf\" class=\"su-button su-button-style-soft\" style=\"color:#FFFFFF;background-color:#6BB611;border-color:#56920e;border-radius:1px;-moz-border-radius:1px;-webkit-border-radius:1px\" target=\"__blank\"><span style=\"color:#FFFFFF;padding:0px 20px;font-size:16px;line-height:32px;border-color:#98cc59;border-radius:1px;-moz-border-radius:1px;-webkit-border-radius:1px;text-shadow:none;-moz-text-shadow:none;-webkit-text-shadow:none\">  Primarias para las instituciones de representaci\u00f3n<\/span><\/a><\/div>\n<div class=\"col-md-12\"><a href=\"https:\/\/circuloalgiros.info\/wp-content\/uploads\/2020\/09\/reglamento_cuota_militancia.pdf\" class=\"su-button su-button-style-soft\" style=\"color:#FFFFFF;background-color:#6BB611;border-color:#56920e;border-radius:1px;-moz-border-radius:1px;-webkit-border-radius:1px\" target=\"__blank\"><span style=\"color:#FFFFFF;padding:0px 20px;font-size:16px;line-height:32px;border-color:#98cc59;border-radius:1px;-moz-border-radius:1px;-webkit-border-radius:1px;text-shadow:none;-moz-text-shadow:none;-webkit-text-shadow:none\">  Primarias para las instituciones de representaci\u00f3n<\/span><\/a><\/div>\n<div class=\"col-md-12\"><a href=\"https:\/\/circuloalgiros.info\/wp-content\/uploads\/2020\/09\/reglamento_creacion_activacion_circulos.pdf\" class=\"su-button su-button-style-soft\" style=\"color:#FFFFFF;background-color:#6BB611;border-color:#56920e;border-radius:1px;-moz-border-radius:1px;-webkit-border-radius:1px\" target=\"__blank\"><span style=\"color:#FFFFFF;padding:0px 20px;font-size:16px;line-height:32px;border-color:#98cc59;border-radius:1px;-moz-border-radius:1px;-webkit-border-radius:1px;text-shadow:none;-moz-text-shadow:none;-webkit-text-shadow:none\">  Creaci\u00f3n y activaci\u00f3n de un C\u00edrculo<\/span><\/a><\/div>\n<div class=\"col-md-12\"><a href=\"https:\/\/circuloalgiros.info\/wp-content\/uploads\/2020\/09\/reglamento_funcionamiento_circulos.pdf\" class=\"su-button su-button-style-soft\" style=\"color:#FFFFFF;background-color:#6BB611;border-color:#56920e;border-radius:1px;-moz-border-radius:1px;-webkit-border-radius:1px\" target=\"__blank\"><span style=\"color:#FFFFFF;padding:0px 20px;font-size:16px;line-height:32px;border-color:#98cc59;border-radius:1px;-moz-border-radius:1px;-webkit-border-radius:1px;text-shadow:none;-moz-text-shadow:none;-webkit-text-shadow:none\">  Funcionamiento de los C\u00edrculos<\/span><\/a><\/div>\n<div class=\"col-md-12\"><a href=\"https:\/\/circuloalgiros.info\/wp-content\/uploads\/2020\/09\/reglamento_redes_circulos.pdf\" class=\"su-button su-button-style-soft\" style=\"color:#FFFFFF;background-color:#6BB611;border-color:#56920e;border-radius:1px;-moz-border-radius:1px;-webkit-border-radius:1px\" target=\"__blank\"><span style=\"color:#FFFFFF;padding:0px 20px;font-size:16px;line-height:32px;border-color:#98cc59;border-radius:1px;-moz-border-radius:1px;-webkit-border-radius:1px;text-shadow:none;-moz-text-shadow:none;-webkit-text-shadow:none\">  Protocolo de constituci\u00f3n y funcionamiento de las Redes de C\u00edrculos<\/span><\/a><\/div>\n<div class=\"col-md-12\"><a href=\"https:\/\/circuloalgiros.info\/wp-content\/uploads\/2020\/09\/reglamento_organos_municipales.pdf\" class=\"su-button su-button-style-soft\" style=\"color:#FFFFFF;background-color:#6BB611;border-color:#56920e;border-radius:1px;-moz-border-radius:1px;-webkit-border-radius:1px\" target=\"__blank\"><span style=\"color:#FFFFFF;padding:0px 20px;font-size:16px;line-height:32px;border-color:#98cc59;border-radius:1px;-moz-border-radius:1px;-webkit-border-radius:1px;text-shadow:none;-moz-text-shadow:none;-webkit-text-shadow:none\">  \u00d3rganos municipales para el funcionamiento de plenarios y consejos de C\u00edrculos<\/span><\/a><\/div>\n<\/div>\n","protected":false},"excerpt":{"rendered":"<p>&nbsp; Reglamentos<\/p>\n","protected":false},"author":5,"featured_media":0,"parent":1947,"menu_order":0,"comment_status":"closed","ping_status":"closed","template":"","meta":[],"_links":{"self":[{"href":"https:\/\/circuloalgiros.info\/va\/wp-json\/wp\/v2\/pages\/1930"}],"collection":[{"href":"https:\/\/circuloalgiros.info\/va\/wp-json\/wp\/v2\/pages"}],"about":[{"href":"https:\/\/circuloalgiros.info\/va\/wp-json\/wp\/v2\/types\/page"}],"author":[{"embeddable":true,"href":"https:\/\/circuloalgiros.info\/va\/wp-json\/wp\/v2\/users\/5"}],"replies":[{"embeddable":true,"href":"https:\/\/circuloalgiros.info\/va\/wp-json\/wp\/v2\/comments?post=1930"}],"version-history":[{"count":23,"href":"https:\/\/circuloalgiros.info\/va\/wp-json\/wp\/v2\/pages\/1930\/revisions"}],"predecessor-version":[{"id":2233,"href":"https:\/\/circuloalgiros.info\/va\/wp-json\/wp\/v2\/pages\/1930\/revisions\/2233"}],"up":[{"embeddable":true,"href":"https:\/\/circuloalgiros.info\/va\/wp-json\/wp\/v2\/pages\/1947"}],"wp:attachment":[{"href":"https:\/\/circuloalgiros.info\/va\/wp-json\/wp\/v2\/media?parent=1930"}],"curies":[{"name":"wp","href":"https:\/\/api.w.org\/{rel}","templated":true}]}}