{"id":1549,"date":"2017-09-09T16:23:31","date_gmt":"2017-09-09T14:23:31","guid":{"rendered":"http:\/\/circuloalgiros.info\/?page_id=1549"},"modified":"2017-09-09T17:14:04","modified_gmt":"2017-09-09T15:14:04","slug":"centros-educativos","status":"publish","type":"page","link":"https:\/\/circuloalgiros.info\/va\/centros-educativos\/","title":{"rendered":"Centres educatius"},"content":{"rendered":"<p>Centres educatius p\u00fablics i concertats del districte d&#8217;Algir\u00f3s<\/p>\n<ul>\n<li><a href=\"https:\/\/www.valencia.es\/ayuntamiento\/infociudad_accesible.nsf\/vDocumentosWebListado\/FCA218BFE7493E55C12572C20023DC34?OpenDocument&amp;bdOrigen=ayuntamiento\/educacion.nsf&amp;idapoyo=9D9A87D03065BB8BC12572D1004649C4&amp;nivel=4_1&amp;lang=1\" target=\"_blank\">CENTRO DE EDUCACI\u00d3N INFANTIL CIUDAD JARD\u00cdN<\/a><\/li>\n<li><a href=\"https:\/\/www.valencia.es\/ayuntamiento\/infociudad_accesible.nsf\/vDocumentosWebListado\/F8DECA16B32E08E9C12572C20023DB66?OpenDocument&amp;bdOrigen=ayuntamiento\/educacion.nsf&amp;idapoyo=9D9A87D03065BB8BC12572D1004649C4&amp;nivel=4_1&amp;lang=1\" target=\"_blank\">COL\u00b7LEGI CENTRO DE ESTUDIOS EUROPA<\/a><\/li>\n<li><a href=\"https:\/\/www.valencia.es\/ayuntamiento\/infociudad_accesible.nsf\/vDocumentosWebListado\/A2523B17EFE17374C12572C20023DB5A?OpenDocument&amp;bdOrigen=ayuntamiento\/educacion.nsf&amp;idapoyo=9D9A87D03065BB8BC12572D1004649C4&amp;nivel=4_1&amp;lang=1\" target=\"_blank\">COL\u00b7LEGI P\u00daBLIC EXPLORADOR ANDR\u00c9S<\/a><\/li>\n<li><a href=\"https:\/\/www.valencia.es\/ayuntamiento\/infociudad_accesible.nsf\/vDocumentosWebListado\/FEA5150427D7869FC12572C20023DB99?OpenDocument&amp;bdOrigen=ayuntamiento\/educacion.nsf&amp;idapoyo=9D9A87D03065BB8BC12572D1004649C4&amp;nivel=4_1&amp;lang=1\" target=\"_blank\">COL\u00b7LEGI P\u00daBLIC FEDERICO GARC\u00cdA LORCA<\/a><\/li>\n<li><a href=\"https:\/\/www.valencia.es\/ayuntamiento\/infociudad_accesible.nsf\/vDocumentosWebListado\/2E0372C4E043FC62C12572C20023DBA9?OpenDocument&amp;bdOrigen=ayuntamiento\/educacion.nsf&amp;idapoyo=9D9A87D03065BB8BC12572D1004649C4&amp;nivel=4_1&amp;lang=1\" target=\"_blank\">COL\u00b7LEGI P\u00daBLIC L&#8217;AMISTAT<\/a><\/li>\n<li><a href=\"https:\/\/www.valencia.es\/ayuntamiento\/infociudad_accesible.nsf\/vDocumentosWebListado\/9AE65294199A2620C12572C20023E1E1?OpenDocument&amp;bdOrigen=ayuntamiento\/educacion.nsf&amp;idapoyo=9D9A87D03065BB8BC12572D1004649C4&amp;nivel=4_1&amp;lang=1\" target=\"_blank\">COL\u00b7LEGI P\u00daBLIC MARE NOSTRUM<\/a><\/li>\n<li><a href=\"https:\/\/www.valencia.es\/ayuntamiento\/infociudad_accesible.nsf\/vDocumentosWebListado\/AC214809DF0FA066C12572C20023DB48?OpenDocument&amp;bdOrigen=ayuntamiento\/educacion.nsf&amp;idapoyo=9D9A87D03065BB8BC12572D1004649C4&amp;nivel=4_1&amp;lang=1\" target=\"_blank\">COL\u00b7LEGI P\u00daBLIC MUNICIPAL PROFESOR SANTIAGO GRISOL\u00cdA<\/a><\/li>\n<li><a href=\"https:\/\/www.valencia.es\/ayuntamiento\/infociudad_accesible.nsf\/vDocumentosWebListado\/9962DFE282486F0CC12572C20023DBB7?OpenDocument&amp;bdOrigen=ayuntamiento\/educacion.nsf&amp;idapoyo=9D9A87D03065BB8BC12572D1004649C4&amp;nivel=4_1&amp;lang=1\" target=\"_blank\">COL\u00b7LEGI P\u00daBLIC NUESTRA SE\u00d1ORA DEL CARMEN<\/a><\/li>\n<li><a href=\"https:\/\/www.valencia.es\/ayuntamiento\/infociudad_accesible.nsf\/vDocumentosWebListado\/08BD9620CBE12F28C12572C20023DBD0?OpenDocument&amp;bdOrigen=ayuntamiento\/educacion.nsf&amp;idapoyo=9D9A87D03065BB8BC12572D1004649C4&amp;nivel=4_1&amp;lang=1\" target=\"_blank\">COL\u00b7LEGI P\u00daBLIC SAN PEDRO<\/a><\/li>\n<li><a href=\"https:\/\/www.valencia.es\/ayuntamiento\/infociudad_accesible.nsf\/vDocumentosWebListado\/C7494416B0244ABDC12572C20023E2B3?OpenDocument&amp;bdOrigen=ayuntamiento\/educacion.nsf&amp;idapoyo=9D9A87D03065BB8BC12572D1004649C4&amp;nivel=4_1&amp;lang=1\" target=\"_blank\">COL\u00b7LEGI P\u00daBLIC SERRER\u00cdA<\/a><\/li>\n<li><a href=\"https:\/\/www.valencia.es\/ayuntamiento\/infociudad_accesible.nsf\/vDocumentosWebListado\/054712EE4A827324C12572C20023DBE3?OpenDocument&amp;bdOrigen=ayuntamiento\/educacion.nsf&amp;idapoyo=9D9A87D03065BB8BC12572D1004649C4&amp;nivel=4_1&amp;lang=1\" target=\"_blank\">COL\u00b7LEGI P\u00daBLIC VICENTE GAOS<\/a><\/li>\n<li><a href=\"https:\/\/www.valencia.es\/ayuntamiento\/infociudad_accesible.nsf\/vBuscarCallejero\/id004629?OpenDocument&amp;distancia=1000&amp;lang=1&amp;seccion=&amp;dbURL=ayuntamiento\/infociudad_accesible.nsf&amp;Buscar.y=17&amp;Buscar.x=37&amp;codvia=60420&amp;ReadForm=&amp;equipamientos=0&amp;envio=0&amp;nivel=1&amp;bdorigen=\" target=\"_blank\">INSTITUT D&#8217;EDUCACI\u00d3 SECUND\u00c0RIA EL CABANYAL<\/a><\/li>\n<li><a href=\"https:\/\/www.valencia.es\/ayuntamiento\/infociudad_accesible.nsf\/vBuscarCallejero\/id004624?OpenDocument&amp;distancia=1000&amp;lang=1&amp;seccion=&amp;dbURL=ayuntamiento\/infociudad_accesible.nsf&amp;Buscar.y=17&amp;Buscar.x=37&amp;codvia=60420&amp;ReadForm=&amp;equipamientos=0&amp;envio=0&amp;nivel=1&amp;bdorigen=\" target=\"_blank\">INSTITUT D&#8217;EDUCACI\u00d3 SECUND\u00c0RIA RAM\u00d3N<\/a><\/li>\n<li><a href=\"https:\/\/www.valencia.es\/ayuntamiento\/infociudad_accesible.nsf\/vBuscarCallejero\/id005811?OpenDocument&amp;distancia=1000&amp;lang=1&amp;seccion=&amp;dbURL=ayuntamiento\/infociudad_accesible.nsf&amp;Buscar.y=17&amp;Buscar.x=37&amp;codvia=60420&amp;ReadForm=&amp;equipamientos=0&amp;envio=0&amp;nivel=1&amp;bdorigen=\" target=\"_blank\">INSTITUT D&#8217;EDUCACI\u00d3 SECUND\u00c0RIA SERPIS<\/a><\/li>\n<li><a href=\"https:\/\/www.valencia.es\/ayuntamiento\/infociudad_accesible.nsf\/vBuscarCallejero\/id004626?OpenDocument&amp;distancia=1000&amp;lang=1&amp;seccion=&amp;dbURL=ayuntamiento\/infociudad_accesible.nsf&amp;Buscar.y=17&amp;Buscar.x=37&amp;codvia=60420&amp;ReadForm=&amp;equipamientos=0&amp;envio=0&amp;nivel=1&amp;bdorigen=\" target=\"_blank\">INSTITUT D&#8217;EDUCACI\u00d3 SECUND\u00c0RIA SOROLLA<\/a><\/li>\n<li><a href=\"http:\/\/www.upv.es\/\" target=\"_blank\">UNIVERSISTAT POLIT\u00c9CNICA DE VAL\u00c8NCIA<\/a><\/li>\n<li><a href=\"http:\/\/www.uv.es\/\" target=\"_blank\">UNIVERSITAT DE VAL\u00c8NCIA<\/a><\/li>\n<\/ul>\n<p>Mes informaci\u00f3 en el seg\u00fcent <a href=\"https:\/\/www.valencia.es\/ayuntamiento\/infociudad_accesible.nsf\/vListadoCategoriasWeb\/0924AD323C3BBA2DC12572C200225572?OpenDocument&amp;bdOrigen=ayuntamiento\/educacion.nsf&amp;idapoyo=9D9A87D03065BB8BC12572D1004649C4&amp;nivel=4_1&amp;lang=1\" target=\"_blank\">enlla\u00e7<\/a>.<\/p>","protected":false},"excerpt":{"rendered":"<p>Centres educatius p\u00fablics i concertats del districte d&#8217;Algir\u00f3s CENTRO DE EDUCACI\u00d3N INFANTIL CIUDAD JARD\u00cdN COL\u00b7LEGI CENTRO DE ESTUDIOS EUROPA COL\u00b7LEGI P\u00daBLIC EXPLORADOR ANDR\u00c9S COL\u00b7LEGI P\u00daBLIC FEDERICO GARC\u00cdA LORCA COL\u00b7LEGI P\u00daBLIC L&#8217;AMISTAT COL\u00b7LEGI P\u00daBLIC MARE NOSTRUM COL\u00b7LEGI P\u00daBLIC MUNICIPAL PROFESOR SANTIAGO GRISOL\u00cdA COL\u00b7LEGI P\u00daBLIC NUESTRA SE\u00d1ORA DEL CARMEN COL\u00b7LEGI P\u00daBLIC SAN PEDRO COL\u00b7LEGI P\u00daBLIC SERRER\u00cdA COL\u00b7LEGI &#8230; <br \/><a class=\"read-more\" href=\"https:\/\/circuloalgiros.info\/va\/centros-educativos\/\" class=\"btn\" >Leer m\u00e1s<\/a><\/p>\n","protected":false},"author":5,"featured_media":0,"parent":0,"menu_order":0,"comment_status":"closed","ping_status":"closed","template":"","meta":[],"_links":{"self":[{"href":"https:\/\/circuloalgiros.info\/va\/wp-json\/wp\/v2\/pages\/1549"}],"collection":[{"href":"https:\/\/circuloalgiros.info\/va\/wp-json\/wp\/v2\/pages"}],"about":[{"href":"https:\/\/circuloalgiros.info\/va\/wp-json\/wp\/v2\/types\/page"}],"author":[{"embeddable":true,"href":"https:\/\/circuloalgiros.info\/va\/wp-json\/wp\/v2\/users\/5"}],"replies":[{"embeddable":true,"href":"https:\/\/circuloalgiros.info\/va\/wp-json\/wp\/v2\/comments?post=1549"}],"version-history":[{"count":5,"href":"https:\/\/circuloalgiros.info\/va\/wp-json\/wp\/v2\/pages\/1549\/revisions"}],"predecessor-version":[{"id":1568,"href":"https:\/\/circuloalgiros.info\/va\/wp-json\/wp\/v2\/pages\/1549\/revisions\/1568"}],"wp:attachment":[{"href":"https:\/\/circuloalgiros.info\/va\/wp-json\/wp\/v2\/media?parent=1549"}],"curies":[{"name":"wp","href":"https:\/\/api.w.org\/{rel}","templated":true}]}}