{"id":1528,"date":"2017-09-09T12:29:28","date_gmt":"2017-09-09T10:29:28","guid":{"rendered":"http:\/\/circuloalgiros.info\/?page_id=1528"},"modified":"2017-09-09T13:35:26","modified_gmt":"2017-09-09T11:35:26","slug":"proyectos-en-el-barrio","status":"publish","type":"page","link":"https:\/\/circuloalgiros.info\/va\/proyectos-en-el-barrio\/","title":{"rendered":"Projectes en el barri"},"content":{"rendered":"<p>L&#8217;ajuntament de Val\u00e8ncia, a trav\u00e9s del portal <a href=\"https:\/\/decidimvlc.valencia.es\" target=\"_blank\">DecidimVlc <\/a>, promou els pressupostos participatius d&#8217;inversi\u00f3 en el barri. En ell els ve\u00efns proposen en el seu barri que obres, millores, adaptaciones&#8230; s&#8217;han de realitzar (previ vist i plau dels t\u00e8cnics de l&#8217;ajuntament) i posteriorment es voten des d&#8217;este portal.<\/p>\n<p>A continuaci\u00f3 es llisten els projectes actius. M\u00e9s informaci\u00f3 en este <a href=\"http:\/\/www.valencia.es\/ayuntamiento\/Consultas.nsf\/fCategoriaVista?readForm&amp;Vista=vConsultaBarriosV&amp;Categoria=Sin_categoria&amp;lang=1&amp;nivel=5&amp;idapoyo=BEA92D5708D8FCA6C1257F38002F4B0A&amp;expand=1\" target=\"_blank\">enlla\u00e7<\/a>.<\/p>","protected":false},"excerpt":{"rendered":"<p>L&#8217;ajuntament de Val\u00e8ncia, a trav\u00e9s del portal DecidimVlc , promou els pressupostos participatius d&#8217;inversi\u00f3 en el barri. En ell els ve\u00efns proposen en el seu barri que obres, millores, adaptaciones&#8230; s&#8217;han de realitzar (previ vist i plau dels t\u00e8cnics de l&#8217;ajuntament) i posteriorment es voten des d&#8217;este portal. A continuaci\u00f3 es llisten els projectes actius. &#8230; <br \/><a class=\"read-more\" href=\"https:\/\/circuloalgiros.info\/va\/proyectos-en-el-barrio\/\" class=\"btn\" >Leer m\u00e1s<\/a><\/p>\n","protected":false},"author":5,"featured_media":0,"parent":0,"menu_order":0,"comment_status":"closed","ping_status":"closed","template":"","meta":[],"_links":{"self":[{"href":"https:\/\/circuloalgiros.info\/va\/wp-json\/wp\/v2\/pages\/1528"}],"collection":[{"href":"https:\/\/circuloalgiros.info\/va\/wp-json\/wp\/v2\/pages"}],"about":[{"href":"https:\/\/circuloalgiros.info\/va\/wp-json\/wp\/v2\/types\/page"}],"author":[{"embeddable":true,"href":"https:\/\/circuloalgiros.info\/va\/wp-json\/wp\/v2\/users\/5"}],"replies":[{"embeddable":true,"href":"https:\/\/circuloalgiros.info\/va\/wp-json\/wp\/v2\/comments?post=1528"}],"version-history":[{"count":3,"href":"https:\/\/circuloalgiros.info\/va\/wp-json\/wp\/v2\/pages\/1528\/revisions"}],"predecessor-version":[{"id":1547,"href":"https:\/\/circuloalgiros.info\/va\/wp-json\/wp\/v2\/pages\/1528\/revisions\/1547"}],"wp:attachment":[{"href":"https:\/\/circuloalgiros.info\/va\/wp-json\/wp\/v2\/media?parent=1528"}],"curies":[{"name":"wp","href":"https:\/\/api.w.org\/{rel}","templated":true}]}}