{"id":1435,"date":"2017-09-06T13:10:28","date_gmt":"2017-09-06T11:10:28","guid":{"rendered":"http:\/\/circuloalgiros.info\/?page_id=1435"},"modified":"2024-02-17T11:34:21","modified_gmt":"2024-02-17T09:34:21","slug":"estadisticas-y-censo-de-algiros","status":"publish","type":"page","link":"https:\/\/circuloalgiros.info\/va\/estadisticas-y-censo-de-algiros\/","title":{"rendered":"Estad\u00edstiques i cens d&#8217;Algir\u00f3s"},"content":{"rendered":"<p>En el seg\u00fcent document amb les dades del cens i estad\u00edstiques del barri<\/p>\n<p>Cens i estad\u00edstiques 2023<\/p>\n<p><a href=\"https:\/\/circuloalgiros.info\/wp-content\/uploads\/2024\/02\/Districte_13.pdf\" class=\"pdfemb-viewer\" style=\"\" data-width=\"max\" data-height=\"max\" data-toolbar=\"bottom\" data-toolbar-fixed=\"on\">Districte_13<\/a><\/p>\n<p><a href=\"https:\/\/circuloalgiros.info\/wp-content\/uploads\/2024\/02\/Districte_13.pdf\">Descargar<\/a><\/p>","protected":false},"excerpt":{"rendered":"<p>En el seg\u00fcent document amb les dades del cens i estad\u00edstiques del barri Cens i estad\u00edstiques 2023 Descargar<\/p>\n","protected":false},"author":5,"featured_media":0,"parent":0,"menu_order":0,"comment_status":"closed","ping_status":"closed","template":"","meta":[],"_links":{"self":[{"href":"https:\/\/circuloalgiros.info\/va\/wp-json\/wp\/v2\/pages\/1435"}],"collection":[{"href":"https:\/\/circuloalgiros.info\/va\/wp-json\/wp\/v2\/pages"}],"about":[{"href":"https:\/\/circuloalgiros.info\/va\/wp-json\/wp\/v2\/types\/page"}],"author":[{"embeddable":true,"href":"https:\/\/circuloalgiros.info\/va\/wp-json\/wp\/v2\/users\/5"}],"replies":[{"embeddable":true,"href":"https:\/\/circuloalgiros.info\/va\/wp-json\/wp\/v2\/comments?post=1435"}],"version-history":[{"count":12,"href":"https:\/\/circuloalgiros.info\/va\/wp-json\/wp\/v2\/pages\/1435\/revisions"}],"predecessor-version":[{"id":2286,"href":"https:\/\/circuloalgiros.info\/va\/wp-json\/wp\/v2\/pages\/1435\/revisions\/2286"}],"wp:attachment":[{"href":"https:\/\/circuloalgiros.info\/va\/wp-json\/wp\/v2\/media?parent=1435"}],"curies":[{"name":"wp","href":"https:\/\/api.w.org\/{rel}","templated":true}]}}