{"id":1425,"date":"2017-09-06T11:49:52","date_gmt":"2017-09-06T09:49:52","guid":{"rendered":"http:\/\/circuloalgiros.info\/?page_id=1425"},"modified":"2020-09-22T10:58:22","modified_gmt":"2020-09-22T08:58:22","slug":"junta-municipal-distrito-maritim","status":"publish","type":"page","link":"https:\/\/circuloalgiros.info\/va\/junta-municipal-distrito-maritim\/","title":{"rendered":"Junta Municipal Districte Mar\u00edtim"},"content":{"rendered":"<p><\/p>\n<div class=\"col-md-4\">\n<h5>Informaci\u00f3 general<\/h5>\n<p>Carrer Francisco Cubells, 58<br \/>\n46011 \u2013 Val\u00e9ncia<\/p>\n<p>Presidenta: Gl\u00f2ria Tello Company<br \/>\nVicepresidenta: Sandra G\u00f3mez L\u00f3pez<br \/>\nSecret\u00e0ria: Mar\u00eda Jos\u00e9\u00a0Iranzo Iranzo<\/p>\n<\/div>\n<div class=\"col-md-8\"><\/div>\n<p><\/p>","protected":false},"excerpt":{"rendered":"<p>Informaci\u00f3 general Carrer Francisco Cubells, 58 46011 \u2013 Val\u00e9ncia Presidenta: Gl\u00f2ria Tello Company Vicepresidenta: Sandra G\u00f3mez L\u00f3pez Secret\u00e0ria: Mar\u00eda Jos\u00e9\u00a0Iranzo Iranzo<\/p>\n","protected":false},"author":5,"featured_media":0,"parent":0,"menu_order":0,"comment_status":"closed","ping_status":"closed","template":"","meta":[],"_links":{"self":[{"href":"https:\/\/circuloalgiros.info\/va\/wp-json\/wp\/v2\/pages\/1425"}],"collection":[{"href":"https:\/\/circuloalgiros.info\/va\/wp-json\/wp\/v2\/pages"}],"about":[{"href":"https:\/\/circuloalgiros.info\/va\/wp-json\/wp\/v2\/types\/page"}],"author":[{"embeddable":true,"href":"https:\/\/circuloalgiros.info\/va\/wp-json\/wp\/v2\/users\/5"}],"replies":[{"embeddable":true,"href":"https:\/\/circuloalgiros.info\/va\/wp-json\/wp\/v2\/comments?post=1425"}],"version-history":[{"count":10,"href":"https:\/\/circuloalgiros.info\/va\/wp-json\/wp\/v2\/pages\/1425\/revisions"}],"predecessor-version":[{"id":1971,"href":"https:\/\/circuloalgiros.info\/va\/wp-json\/wp\/v2\/pages\/1425\/revisions\/1971"}],"wp:attachment":[{"href":"https:\/\/circuloalgiros.info\/va\/wp-json\/wp\/v2\/media?parent=1425"}],"curies":[{"name":"wp","href":"https:\/\/api.w.org\/{rel}","templated":true}]}}